{"id":6035,"date":"2020-03-07T09:38:13","date_gmt":"2020-03-07T08:38:13","guid":{"rendered":"https:\/\/aikido-belgique.be\/?page_id=6035"},"modified":"2025-05-20T11:52:14","modified_gmt":"2025-05-20T09:52:14","slug":"caboufor-en","status":"publish","type":"page","link":"https:\/\/www.aikido-belgique.be\/en\/caboufor-en\/","title":{"rendered":"Caboufor En"},"content":{"rendered":"You must be logged in to view this content.","protected":false},"excerpt":{"rendered":"You must be logged in to view this content.","protected":false},"author":53,"featured_media":0,"parent":0,"menu_order":0,"comment_status":"closed","ping_status":"closed","template":"","meta":{"footnotes":""},"class_list":["post-6035","page","type-page","status-publish","hentry"],"yoast_head":"<!-- This site is optimized with the Yoast SEO plugin v26.7 - https:\/\/yoast.com\/wordpress\/plugins\/seo\/ -->\n<title>Caboufor En - U.Be.A. - Union Belge d&#039;A\u00efkido<\/title>\n<meta name=\"robots\" content=\"noindex, nofollow\" \/>\n<meta property=\"og:locale\" content=\"en_US\" \/>\n<meta property=\"og:type\" content=\"article\" \/>\n<meta property=\"og:title\" content=\"Caboufor En - U.Be.A. - Union Belge d&#039;A\u00efkido\" \/>\n<meta property=\"og:description\" content=\"Cette page est r\u00e9serv\u00e9e aux responsables de clubs de l&#039;UBEA. Si vous \u00eates un de ceux-ci, veuillez vous connecter avec votre login et mot de passe fournis par l&#039;UBEA. Existing Users Log InUsername or EmailPassword&nbsp;Remember Me&nbsp;&nbsp;\" \/>\n<meta property=\"og:url\" content=\"https:\/\/www.aikido-belgique.be\/en\/caboufor-en\/\" \/>\n<meta property=\"og:site_name\" content=\"U.Be.A. - Union Belge d&#039;A\u00efkido\" \/>\n<meta property=\"article:modified_time\" content=\"2025-05-20T09:52:14+00:00\" \/>\n<meta name=\"twitter:card\" content=\"summary_large_image\" \/>\n<meta name=\"twitter:label1\" content=\"Est. reading time\" \/>\n\t<meta name=\"twitter:data1\" content=\"1 minute\" \/>\n<script type=\"application\/ld+json\" class=\"yoast-schema-graph\">{\"@context\":\"https:\/\/schema.org\",\"@graph\":[{\"@type\":\"WebPage\",\"@id\":\"https:\/\/www.aikido-belgique.be\/en\/caboufor-en\/\",\"url\":\"https:\/\/www.aikido-belgique.be\/en\/caboufor-en\/\",\"name\":\"Caboufor En - U.Be.A. - Union Belge d&#039;A\u00efkido\",\"isPartOf\":{\"@id\":\"https:\/\/www.aikido-belgique.be\/#website\"},\"datePublished\":\"2020-03-07T08:38:13+00:00\",\"dateModified\":\"2025-05-20T09:52:14+00:00\",\"breadcrumb\":{\"@id\":\"https:\/\/www.aikido-belgique.be\/en\/caboufor-en\/#breadcrumb\"},\"inLanguage\":\"en-US\",\"potentialAction\":[{\"@type\":\"ReadAction\",\"target\":[\"https:\/\/www.aikido-belgique.be\/en\/caboufor-en\/\"]}]},{\"@type\":\"BreadcrumbList\",\"@id\":\"https:\/\/www.aikido-belgique.be\/en\/caboufor-en\/#breadcrumb\",\"itemListElement\":[{\"@type\":\"ListItem\",\"position\":1,\"name\":\"Accueil\",\"item\":\"https:\/\/www.aikido-belgique.be\/en\/\"},{\"@type\":\"ListItem\",\"position\":2,\"name\":\"Caboufor En\"}]},{\"@type\":\"WebSite\",\"@id\":\"https:\/\/www.aikido-belgique.be\/#website\",\"url\":\"https:\/\/www.aikido-belgique.be\/\",\"name\":\"U.Be.A. - Union Belge d&#039;A\u00efkido\",\"description\":\"\",\"potentialAction\":[{\"@type\":\"SearchAction\",\"target\":{\"@type\":\"EntryPoint\",\"urlTemplate\":\"https:\/\/www.aikido-belgique.be\/?s={search_term_string}\"},\"query-input\":{\"@type\":\"PropertyValueSpecification\",\"valueRequired\":true,\"valueName\":\"search_term_string\"}}],\"inLanguage\":\"en-US\"}]}<\/script>\n<!-- \/ Yoast SEO plugin. -->","yoast_head_json":{"title":"Caboufor En - U.Be.A. - Union Belge d&#039;A\u00efkido","robots":{"index":"noindex","follow":"nofollow"},"og_locale":"en_US","og_type":"article","og_title":"Caboufor En - U.Be.A. - Union Belge d&#039;A\u00efkido","og_description":"Cette page est r\u00e9serv\u00e9e aux responsables de clubs de l'UBEA. Si vous \u00eates un de ceux-ci, veuillez vous connecter avec votre login et mot de passe fournis par l'UBEA. Existing Users Log InUsername or EmailPassword&nbsp;Remember Me&nbsp;&nbsp;","og_url":"https:\/\/www.aikido-belgique.be\/en\/caboufor-en\/","og_site_name":"U.Be.A. - Union Belge d&#039;A\u00efkido","article_modified_time":"2025-05-20T09:52:14+00:00","twitter_card":"summary_large_image","twitter_misc":{"Est. reading time":"1 minute"},"schema":{"@context":"https:\/\/schema.org","@graph":[{"@type":"WebPage","@id":"https:\/\/www.aikido-belgique.be\/en\/caboufor-en\/","url":"https:\/\/www.aikido-belgique.be\/en\/caboufor-en\/","name":"Caboufor En - U.Be.A. - Union Belge d&#039;A\u00efkido","isPartOf":{"@id":"https:\/\/www.aikido-belgique.be\/#website"},"datePublished":"2020-03-07T08:38:13+00:00","dateModified":"2025-05-20T09:52:14+00:00","breadcrumb":{"@id":"https:\/\/www.aikido-belgique.be\/en\/caboufor-en\/#breadcrumb"},"inLanguage":"en-US","potentialAction":[{"@type":"ReadAction","target":["https:\/\/www.aikido-belgique.be\/en\/caboufor-en\/"]}]},{"@type":"BreadcrumbList","@id":"https:\/\/www.aikido-belgique.be\/en\/caboufor-en\/#breadcrumb","itemListElement":[{"@type":"ListItem","position":1,"name":"Accueil","item":"https:\/\/www.aikido-belgique.be\/en\/"},{"@type":"ListItem","position":2,"name":"Caboufor En"}]},{"@type":"WebSite","@id":"https:\/\/www.aikido-belgique.be\/#website","url":"https:\/\/www.aikido-belgique.be\/","name":"U.Be.A. - Union Belge d&#039;A\u00efkido","description":"","potentialAction":[{"@type":"SearchAction","target":{"@type":"EntryPoint","urlTemplate":"https:\/\/www.aikido-belgique.be\/?s={search_term_string}"},"query-input":{"@type":"PropertyValueSpecification","valueRequired":true,"valueName":"search_term_string"}}],"inLanguage":"en-US"}]}},"_links":{"self":[{"href":"https:\/\/www.aikido-belgique.be\/en\/wp-json\/wp\/v2\/pages\/6035","targetHints":{"allow":["GET"]}}],"collection":[{"href":"https:\/\/www.aikido-belgique.be\/en\/wp-json\/wp\/v2\/pages"}],"about":[{"href":"https:\/\/www.aikido-belgique.be\/en\/wp-json\/wp\/v2\/types\/page"}],"author":[{"embeddable":true,"href":"https:\/\/www.aikido-belgique.be\/en\/wp-json\/wp\/v2\/users\/53"}],"replies":[{"embeddable":true,"href":"https:\/\/www.aikido-belgique.be\/en\/wp-json\/wp\/v2\/comments?post=6035"}],"version-history":[{"count":4,"href":"https:\/\/www.aikido-belgique.be\/en\/wp-json\/wp\/v2\/pages\/6035\/revisions"}],"predecessor-version":[{"id":6127,"href":"https:\/\/www.aikido-belgique.be\/en\/wp-json\/wp\/v2\/pages\/6035\/revisions\/6127"}],"wp:attachment":[{"href":"https:\/\/www.aikido-belgique.be\/en\/wp-json\/wp\/v2\/media?parent=6035"}],"curies":[{"name":"wp","href":"https:\/\/api.w.org\/{rel}","templated":true}]}}