{"id":6028,"date":"2025-05-20T09:40:08","date_gmt":"2025-05-20T07:40:08","guid":{"rendered":"https:\/\/aikido-belgique.be\/?page_id=6028"},"modified":"2025-05-20T09:40:18","modified_gmt":"2025-05-20T07:40:18","slug":"links-nl","status":"publish","type":"page","link":"https:\/\/www.aikido-belgique.be\/nl\/links-nl\/","title":{"rendered":"Links nl"},"content":{"rendered":"<div class=\"wpb-content-wrapper\"><p>[vc_row section_full_height=&#8221;fullheight&#8221; bg_type=&#8221;color&#8221; padding_bottom_multiplier=&#8221;3x&#8221; bg_color=&#8221;#ffffff&#8221;][vc_column][vc_row_inner][vc_column_inner]<div class=\"grve-empty-space grve-height-1x\" style=\"\"><\/div>[vc_column_text]Hier vindt u de links naar de websites van onze partners en andere federaties.[\/vc_column_text]<div class=\"grve-empty-space grve-height-3x\" style=\"\"><\/div>[\/vc_column_inner][\/vc_row_inner][vc_row_inner][vc_column_inner width=&#8221;1\/4&#8243;]<div class=\"grve-element grve-box grve-align-center\" style=\"\"><a href=\"http:\/\/www.aikido-europe.com\/\" target=\"_blank\" rel=\"noopener noreferrer\"><figure class=\"grve-image-hover grve-zoom-in\">\t<div class=\"grve-media\">\t\t<div class=\"grve-bg-primary-2 grve-hover-overlay grve-opacity-60\"><\/div><img loading=\"lazy\" decoding=\"async\" width=\"500\" height=\"250\" src=\"https:\/\/www.aikido-belgique.be\/wp-content\/uploads\/2020\/03\/AikidoEurope.png\" class=\"attachment-full size-full\" alt=\"\" srcset=\"https:\/\/www.aikido-belgique.be\/wp-content\/uploads\/2020\/03\/AikidoEurope.png 500w, https:\/\/www.aikido-belgique.be\/wp-content\/uploads\/2020\/03\/AikidoEurope-300x150.png 300w\" sizes=\"auto, (max-width: 500px) 100vw, 500px\" \/>\t<\/div><\/figure><\/a>  <div class=\"grve-box-content\"><a href=\"http:\/\/www.aikido-europe.com\/\" target=\"_blank\" rel=\"noopener noreferrer\"><h5 class=\"grve-box-title grve-h5\">F\u00e9d\u00e9ration Europ\u00e9enne d'A\u00efkido<\/h5>    <\/a>    <p>http:\/\/www.aikido-europe.com\/<\/p>  <\/div><\/div>[\/vc_column_inner][vc_column_inner width=&#8221;1\/4&#8243;]<div class=\"grve-element grve-box grve-align-center\" style=\"\"><a href=\"http:\/\/www.michelbecart.com\/\" target=\"_blank\" rel=\"noopener noreferrer\"><figure class=\"grve-image-hover grve-zoom-in\">\t<div class=\"grve-media\">\t\t<div class=\"grve-bg-primary-2 grve-hover-overlay grve-opacity-60\"><\/div><img loading=\"lazy\" decoding=\"async\" width=\"225\" height=\"224\" src=\"https:\/\/www.aikido-belgique.be\/wp-content\/uploads\/2020\/03\/michelBecart.png\" class=\"attachment-full size-full\" alt=\"\" srcset=\"https:\/\/www.aikido-belgique.be\/wp-content\/uploads\/2020\/03\/michelBecart.png 225w, https:\/\/www.aikido-belgique.be\/wp-content\/uploads\/2020\/03\/michelBecart-150x150.png 150w, https:\/\/www.aikido-belgique.be\/wp-content\/uploads\/2020\/03\/michelBecart-100x100.png 100w\" sizes=\"auto, (max-width: 225px) 100vw, 225px\" \/>\t<\/div><\/figure><\/a>  <div class=\"grve-box-content\"><a href=\"http:\/\/www.michelbecart.com\/\" target=\"_blank\" rel=\"noopener noreferrer\"><h5 class=\"grve-box-title grve-h5\">Association Culturelle Nationale D'A\u00efkido<\/h5>    <\/a>    <p><a href=\"http:\/\/www.michelbecart.com\/\" target=\"_blank\" rel=\"noopener noreferrer\">http:\/\/www.michelbecart.com\/<\/a><\/p>  <\/div><\/div>[\/vc_column_inner][vc_column_inner width=&#8221;1\/4&#8243;]<div class=\"grve-element grve-box grve-align-center\" style=\"\"><a href=\"http:\/\/aikido.vlaanderen\" target=\"_blank\" rel=\"noopener noreferrer\"><figure class=\"grve-image-hover grve-zoom-in\">\t<div class=\"grve-media\">\t\t<div class=\"grve-bg-primary-2 grve-hover-overlay grve-opacity-60\"><\/div><img loading=\"lazy\" decoding=\"async\" width=\"187\" height=\"160\" src=\"https:\/\/www.aikido-belgique.be\/wp-content\/uploads\/2020\/03\/aikidoVlanderen.png\" class=\"attachment-full size-full\" alt=\"\" \/>\t<\/div><\/figure><\/a>  <div class=\"grve-box-content\"><a href=\"http:\/\/aikido.vlaanderen\" target=\"_blank\" rel=\"noopener noreferrer\"><h5 class=\"grve-box-title grve-h5\">Aikido Vlaanderen vzw<\/h5>    <\/a>    <p><a href=\"http:\/\/aikido.vlaanderen\" target=\"_blank\" rel=\"noopener noreferrer\">http:\/\/aikido.vlaanderen<\/a><\/p>  <\/div><\/div>[\/vc_column_inner][vc_column_inner width=&#8221;1\/4&#8243;]<div class=\"grve-element grve-box grve-align-center\" style=\"\"><a href=\"http:\/\/aikido-vav.be\/\" target=\"_blank\" rel=\"noopener noreferrer\"><figure class=\"grve-image-hover grve-zoom-in\">\t<div class=\"grve-media\">\t\t<div class=\"grve-bg-primary-2 grve-hover-overlay grve-opacity-60\"><\/div><img loading=\"lazy\" decoding=\"async\" width=\"377\" height=\"217\" src=\"https:\/\/www.aikido-belgique.be\/wp-content\/uploads\/2020\/03\/Logo-VAV-blauw.png\" class=\"attachment-full size-full\" alt=\"\" srcset=\"https:\/\/www.aikido-belgique.be\/wp-content\/uploads\/2020\/03\/Logo-VAV-blauw.png 377w, https:\/\/www.aikido-belgique.be\/wp-content\/uploads\/2020\/03\/Logo-VAV-blauw-300x173.png 300w\" sizes=\"auto, (max-width: 377px) 100vw, 377px\" \/>\t<\/div><\/figure><\/a>  <div class=\"grve-box-content\"><a href=\"http:\/\/aikido-vav.be\/\" target=\"_blank\" rel=\"noopener noreferrer\"><h5 class=\"grve-box-title grve-h5\">Vlaamse A\u00efkido VERENIGING<\/h5>    <\/a>    <p><a href=\"http:\/\/aikido-vav.be\/\" target=\"_blank\" rel=\"noopener noreferrer\">http:\/\/aikido-vav.be\/<\/a><\/p>  <\/div><\/div>[\/vc_column_inner][\/vc_row_inner]<div class=\"grve-empty-space grve-height-3x\" style=\"\"><\/div>[vc_row_inner][vc_column_inner width=&#8221;1\/4&#8243;]<div class=\"grve-element grve-box grve-align-center\" style=\"\"><a href=\"http:\/\/www.aikikai.or.jp\/\" target=\"_blank\" rel=\"noopener noreferrer\"><figure class=\"grve-image-hover grve-zoom-in\">\t<div class=\"grve-media\">\t\t<div class=\"grve-bg-primary-2 grve-hover-overlay grve-opacity-60\"><\/div><img loading=\"lazy\" decoding=\"async\" width=\"161\" height=\"168\" src=\"https:\/\/www.aikido-belgique.be\/wp-content\/uploads\/2020\/04\/hombu-1-e1588601926228.png\" class=\"attachment-full size-full\" alt=\"\" srcset=\"https:\/\/www.aikido-belgique.be\/wp-content\/uploads\/2020\/04\/hombu-1-e1588601926228.png 1x,https:\/\/www.aikido-belgique.be\/wp-content\/uploads\/2020\/04\/hombu.png 2x\" \/>\t<\/div><\/figure><\/a>  <div class=\"grve-box-content\"><a href=\"http:\/\/www.aikikai.or.jp\/\" target=\"_blank\" rel=\"noopener noreferrer\"><h5 class=\"grve-box-title grve-h5\">Aikido World Headquarters<\/h5>    <\/a>    <p><a href=\"http:\/\/www.aikikai.or.jp\/\" target=\"_blank\" rel=\"noopener noreferrer\">http:\/\/www.aikikai.or.jp\/<\/a><\/p>  <\/div><\/div>[\/vc_column_inner][vc_column_inner width=&#8221;1\/4&#8243;]<div class=\"grve-element grve-box grve-align-center\" style=\"\"><a href=\"http:\/\/www.bansenjuku.org\/\" target=\"_blank\" rel=\"noopener noreferrer\"><figure class=\"grve-image-hover grve-zoom-in\">\t<div class=\"grve-media\">\t\t<div class=\"grve-bg-primary-2 grve-hover-overlay grve-opacity-60\"><\/div><img loading=\"lazy\" decoding=\"async\" width=\"181\" height=\"182\" src=\"https:\/\/www.aikido-belgique.be\/wp-content\/uploads\/2020\/03\/BenSenJuku.png\" class=\"attachment-full size-full\" alt=\"\" srcset=\"https:\/\/www.aikido-belgique.be\/wp-content\/uploads\/2020\/03\/BenSenJuku.png 181w, https:\/\/www.aikido-belgique.be\/wp-content\/uploads\/2020\/03\/BenSenJuku-150x150.png 150w, https:\/\/www.aikido-belgique.be\/wp-content\/uploads\/2020\/03\/BenSenJuku-100x100.png 100w\" sizes=\"auto, (max-width: 181px) 100vw, 181px\" \/>\t<\/div><\/figure><\/a>  <div class=\"grve-box-content\"><a href=\"http:\/\/www.bansenjuku.org\/\" target=\"_blank\" rel=\"noopener noreferrer\"><h5 class=\"grve-box-title grve-h5\">Ban Sen Juku<\/h5>    <\/a>    <p><a href=\"http:\/\/www.bansenjuku.org\/\" target=\"_blank\" rel=\"noopener noreferrer\">http:\/\/www.bansenjuku.org\/<\/a><\/p>  <\/div><\/div>[\/vc_column_inner][vc_column_inner width=&#8221;1\/4&#8243;]<div class=\"grve-element grve-box grve-align-center\" style=\"\"><a href=\"https:\/\/www.ffabaikido.fr\" target=\"_blank\" rel=\"noopener noreferrer\"><figure class=\"grve-image-hover grve-zoom-in\">\t<div class=\"grve-media\">\t\t<div class=\"grve-bg-primary-2 grve-hover-overlay grve-opacity-60\"><\/div><img loading=\"lazy\" decoding=\"async\" width=\"235\" height=\"215\" src=\"https:\/\/www.aikido-belgique.be\/wp-content\/uploads\/2020\/03\/FFAB.jpg\" class=\"attachment-full size-full\" alt=\"\" \/>\t<\/div><\/figure><\/a>  <div class=\"grve-box-content\"><a href=\"https:\/\/www.ffabaikido.fr\" target=\"_blank\" rel=\"noopener noreferrer\"><h5 class=\"grve-box-title grve-h5\">F\u00e9d\u00e9ration Fran\u00e7aise D'Aikido et de Budo<\/h5>    <\/a>    <p><a href=\"https:\/\/www.ffabaikido.fr\" target=\"_blank\" rel=\"noopener noreferrer\">https:\/\/www.ffabaikido.fr<\/a><\/p>  <\/div><\/div>[\/vc_column_inner][vc_column_inner width=&#8221;1\/4&#8243;]<div class=\"grve-element grve-box grve-align-center\" style=\"\"><a href=\"https:\/\/www.aikido.be\/\" target=\"_blank\" rel=\"noopener noreferrer\"><figure class=\"grve-image-hover grve-zoom-in\">\t<div class=\"grve-media\">\t\t<div class=\"grve-bg-primary-2 grve-hover-overlay grve-opacity-60\"><\/div><img loading=\"lazy\" decoding=\"async\" width=\"170\" height=\"156\" src=\"https:\/\/www.aikido-belgique.be\/wp-content\/uploads\/2020\/03\/FAS-SAF.png\" class=\"attachment-full size-full\" alt=\"\" \/>\t<\/div><\/figure><\/a>  <div class=\"grve-box-content\"><a href=\"https:\/\/www.aikido.be\/\" target=\"_blank\" rel=\"noopener noreferrer\"><h5 class=\"grve-box-title grve-h5\">Association Francophone d'A\u00efkido<\/h5>    <\/a>    <p><a href=\"https:\/\/www.aikido.be\/\" target=\"_blank\" rel=\"noopener noreferrer\">https:\/\/www.aikido.be\/<\/a><\/p>  <\/div><\/div>[\/vc_column_inner][\/vc_row_inner]<div class=\"grve-empty-space grve-height-3x\" style=\"\"><\/div>[vc_row_inner][vc_column_inner width=&#8221;1\/4&#8243;][\/vc_column_inner][vc_column_inner width=&#8221;1\/4&#8243;][\/vc_column_inner][vc_column_inner width=&#8221;1\/4&#8243;][\/vc_column_inner][\/vc_row_inner]<div class=\"grve-empty-space grve-height-3x\" style=\"\"><\/div>[\/vc_column][\/vc_row]<\/p>\n<\/div>","protected":false},"excerpt":{"rendered":"<p>[vc_row section_full_height=&#8221;fullheight&#8221; bg_type=&#8221;color&#8221; padding_bottom_multiplier=&#8221;3x&#8221; bg_color=&#8221;#ffffff&#8221;][vc_column][vc_row_inner][vc_column_inner][vc_column_text]Hier vindt u de links naar de websites van onze partners en andere federaties.[\/vc_column_text][\/vc_column_inner][\/vc_row_inner][vc_row_inner][vc_column_inner width=&#8221;1\/4&#8243;][\/vc_column_inner][vc_column_inner width=&#8221;1\/4&#8243;][\/vc_column_inner][vc_column_inner width=&#8221;1\/4&#8243;][\/vc_column_inner][vc_column_inner width=&#8221;1\/4&#8243;][\/vc_column_inner][\/vc_row_inner][vc_row_inner][vc_column_inner width=&#8221;1\/4&#8243;][\/vc_column_inner][vc_column_inner width=&#8221;1\/4&#8243;][\/vc_column_inner][vc_column_inner width=&#8221;1\/4&#8243;][\/vc_column_inner][vc_column_inner width=&#8221;1\/4&#8243;][\/vc_column_inner][\/vc_row_inner][vc_row_inner][vc_column_inner width=&#8221;1\/4&#8243;][\/vc_column_inner][vc_column_inner width=&#8221;1\/4&#8243;][\/vc_column_inner][vc_column_inner width=&#8221;1\/4&#8243;][\/vc_column_inner][\/vc_row_inner][\/vc_column][\/vc_row]<\/p>\n","protected":false},"author":53,"featured_media":0,"parent":0,"menu_order":0,"comment_status":"closed","ping_status":"closed","template":"","meta":{"footnotes":""},"class_list":["post-6028","page","type-page","status-publish","hentry"],"yoast_head":"<!-- This site is optimized with the Yoast SEO plugin v26.7 - https:\/\/yoast.com\/wordpress\/plugins\/seo\/ -->\n<title>Links nl - U.Be.A. - Union Belge d&#039;A\u00efkido<\/title>\n<meta name=\"robots\" content=\"index, follow, max-snippet:-1, max-image-preview:large, max-video-preview:-1\" \/>\n<link rel=\"canonical\" href=\"https:\/\/www.aikido-belgique.be\/nl\/links-nl\/\" \/>\n<meta property=\"og:locale\" content=\"nl_NL\" \/>\n<meta property=\"og:type\" content=\"article\" \/>\n<meta property=\"og:title\" content=\"Links nl - U.Be.A. - Union Belge d&#039;A\u00efkido\" \/>\n<meta property=\"og:description\" content=\"[vc_row section_full_height=&#8221;fullheight&#8221; bg_type=&#8221;color&#8221; padding_bottom_multiplier=&#8221;3x&#8221; bg_color=&#8221;#ffffff&#8221;][vc_column][vc_row_inner][vc_column_inner][vc_column_text]Hier vindt u de links naar de websites van onze partners en andere federaties.[\/vc_column_text][\/vc_column_inner][\/vc_row_inner][vc_row_inner][vc_column_inner width=&#8221;1\/4&#8243;][\/vc_column_inner][vc_column_inner width=&#8221;1\/4&#8243;][\/vc_column_inner][vc_column_inner width=&#8221;1\/4&#8243;][\/vc_column_inner][vc_column_inner width=&#8221;1\/4&#8243;][\/vc_column_inner][\/vc_row_inner][vc_row_inner][vc_column_inner width=&#8221;1\/4&#8243;][\/vc_column_inner][vc_column_inner width=&#8221;1\/4&#8243;][\/vc_column_inner][vc_column_inner width=&#8221;1\/4&#8243;][\/vc_column_inner][vc_column_inner width=&#8221;1\/4&#8243;][\/vc_column_inner][\/vc_row_inner][vc_row_inner][vc_column_inner width=&#8221;1\/4&#8243;][\/vc_column_inner][vc_column_inner width=&#8221;1\/4&#8243;][\/vc_column_inner][vc_column_inner width=&#8221;1\/4&#8243;][\/vc_column_inner][\/vc_row_inner][\/vc_column][\/vc_row]\" \/>\n<meta property=\"og:url\" content=\"https:\/\/www.aikido-belgique.be\/nl\/links-nl\/\" \/>\n<meta property=\"og:site_name\" content=\"U.Be.A. - Union Belge d&#039;A\u00efkido\" \/>\n<meta property=\"article:modified_time\" content=\"2025-05-20T07:40:18+00:00\" \/>\n<meta name=\"twitter:card\" content=\"summary_large_image\" \/>\n<meta name=\"twitter:label1\" content=\"Geschatte leestijd\" \/>\n\t<meta name=\"twitter:data1\" content=\"1 minuut\" \/>\n<script type=\"application\/ld+json\" class=\"yoast-schema-graph\">{\"@context\":\"https:\/\/schema.org\",\"@graph\":[{\"@type\":\"WebPage\",\"@id\":\"https:\/\/www.aikido-belgique.be\/nl\/links-nl\/\",\"url\":\"https:\/\/www.aikido-belgique.be\/nl\/links-nl\/\",\"name\":\"Links nl - U.Be.A. - Union Belge d&#039;A\u00efkido\",\"isPartOf\":{\"@id\":\"https:\/\/www.aikido-belgique.be\/#website\"},\"datePublished\":\"2025-05-20T07:40:08+00:00\",\"dateModified\":\"2025-05-20T07:40:18+00:00\",\"breadcrumb\":{\"@id\":\"https:\/\/www.aikido-belgique.be\/nl\/links-nl\/#breadcrumb\"},\"inLanguage\":\"nl-NL\",\"potentialAction\":[{\"@type\":\"ReadAction\",\"target\":[\"https:\/\/www.aikido-belgique.be\/nl\/links-nl\/\"]}]},{\"@type\":\"BreadcrumbList\",\"@id\":\"https:\/\/www.aikido-belgique.be\/nl\/links-nl\/#breadcrumb\",\"itemListElement\":[{\"@type\":\"ListItem\",\"position\":1,\"name\":\"Accueil\",\"item\":\"https:\/\/www.aikido-belgique.be\/nl\/\"},{\"@type\":\"ListItem\",\"position\":2,\"name\":\"Links nl\"}]},{\"@type\":\"WebSite\",\"@id\":\"https:\/\/www.aikido-belgique.be\/#website\",\"url\":\"https:\/\/www.aikido-belgique.be\/\",\"name\":\"U.Be.A. - Union Belge d&#039;A\u00efkido\",\"description\":\"\",\"potentialAction\":[{\"@type\":\"SearchAction\",\"target\":{\"@type\":\"EntryPoint\",\"urlTemplate\":\"https:\/\/www.aikido-belgique.be\/?s={search_term_string}\"},\"query-input\":{\"@type\":\"PropertyValueSpecification\",\"valueRequired\":true,\"valueName\":\"search_term_string\"}}],\"inLanguage\":\"nl-NL\"}]}<\/script>\n<!-- \/ Yoast SEO plugin. -->","yoast_head_json":{"title":"Links nl - U.Be.A. - Union Belge d&#039;A\u00efkido","robots":{"index":"index","follow":"follow","max-snippet":"max-snippet:-1","max-image-preview":"max-image-preview:large","max-video-preview":"max-video-preview:-1"},"canonical":"https:\/\/www.aikido-belgique.be\/nl\/links-nl\/","og_locale":"nl_NL","og_type":"article","og_title":"Links nl - U.Be.A. - Union Belge d&#039;A\u00efkido","og_description":"[vc_row section_full_height=&#8221;fullheight&#8221; bg_type=&#8221;color&#8221; padding_bottom_multiplier=&#8221;3x&#8221; bg_color=&#8221;#ffffff&#8221;][vc_column][vc_row_inner][vc_column_inner][vc_column_text]Hier vindt u de links naar de websites van onze partners en andere federaties.[\/vc_column_text][\/vc_column_inner][\/vc_row_inner][vc_row_inner][vc_column_inner width=&#8221;1\/4&#8243;][\/vc_column_inner][vc_column_inner width=&#8221;1\/4&#8243;][\/vc_column_inner][vc_column_inner width=&#8221;1\/4&#8243;][\/vc_column_inner][vc_column_inner width=&#8221;1\/4&#8243;][\/vc_column_inner][\/vc_row_inner][vc_row_inner][vc_column_inner width=&#8221;1\/4&#8243;][\/vc_column_inner][vc_column_inner width=&#8221;1\/4&#8243;][\/vc_column_inner][vc_column_inner width=&#8221;1\/4&#8243;][\/vc_column_inner][vc_column_inner width=&#8221;1\/4&#8243;][\/vc_column_inner][\/vc_row_inner][vc_row_inner][vc_column_inner width=&#8221;1\/4&#8243;][\/vc_column_inner][vc_column_inner width=&#8221;1\/4&#8243;][\/vc_column_inner][vc_column_inner width=&#8221;1\/4&#8243;][\/vc_column_inner][\/vc_row_inner][\/vc_column][\/vc_row]","og_url":"https:\/\/www.aikido-belgique.be\/nl\/links-nl\/","og_site_name":"U.Be.A. - Union Belge d&#039;A\u00efkido","article_modified_time":"2025-05-20T07:40:18+00:00","twitter_card":"summary_large_image","twitter_misc":{"Geschatte leestijd":"1 minuut"},"schema":{"@context":"https:\/\/schema.org","@graph":[{"@type":"WebPage","@id":"https:\/\/www.aikido-belgique.be\/nl\/links-nl\/","url":"https:\/\/www.aikido-belgique.be\/nl\/links-nl\/","name":"Links nl - U.Be.A. - Union Belge d&#039;A\u00efkido","isPartOf":{"@id":"https:\/\/www.aikido-belgique.be\/#website"},"datePublished":"2025-05-20T07:40:08+00:00","dateModified":"2025-05-20T07:40:18+00:00","breadcrumb":{"@id":"https:\/\/www.aikido-belgique.be\/nl\/links-nl\/#breadcrumb"},"inLanguage":"nl-NL","potentialAction":[{"@type":"ReadAction","target":["https:\/\/www.aikido-belgique.be\/nl\/links-nl\/"]}]},{"@type":"BreadcrumbList","@id":"https:\/\/www.aikido-belgique.be\/nl\/links-nl\/#breadcrumb","itemListElement":[{"@type":"ListItem","position":1,"name":"Accueil","item":"https:\/\/www.aikido-belgique.be\/nl\/"},{"@type":"ListItem","position":2,"name":"Links nl"}]},{"@type":"WebSite","@id":"https:\/\/www.aikido-belgique.be\/#website","url":"https:\/\/www.aikido-belgique.be\/","name":"U.Be.A. - Union Belge d&#039;A\u00efkido","description":"","potentialAction":[{"@type":"SearchAction","target":{"@type":"EntryPoint","urlTemplate":"https:\/\/www.aikido-belgique.be\/?s={search_term_string}"},"query-input":{"@type":"PropertyValueSpecification","valueRequired":true,"valueName":"search_term_string"}}],"inLanguage":"nl-NL"}]}},"_links":{"self":[{"href":"https:\/\/www.aikido-belgique.be\/nl\/wp-json\/wp\/v2\/pages\/6028","targetHints":{"allow":["GET"]}}],"collection":[{"href":"https:\/\/www.aikido-belgique.be\/nl\/wp-json\/wp\/v2\/pages"}],"about":[{"href":"https:\/\/www.aikido-belgique.be\/nl\/wp-json\/wp\/v2\/types\/page"}],"author":[{"embeddable":true,"href":"https:\/\/www.aikido-belgique.be\/nl\/wp-json\/wp\/v2\/users\/53"}],"replies":[{"embeddable":true,"href":"https:\/\/www.aikido-belgique.be\/nl\/wp-json\/wp\/v2\/comments?post=6028"}],"version-history":[{"count":2,"href":"https:\/\/www.aikido-belgique.be\/nl\/wp-json\/wp\/v2\/pages\/6028\/revisions"}],"predecessor-version":[{"id":6033,"href":"https:\/\/www.aikido-belgique.be\/nl\/wp-json\/wp\/v2\/pages\/6028\/revisions\/6033"}],"wp:attachment":[{"href":"https:\/\/www.aikido-belgique.be\/nl\/wp-json\/wp\/v2\/media?parent=6028"}],"curies":[{"name":"wp","href":"https:\/\/api.w.org\/{rel}","templated":true}]}}